{"id":165,"date":"2022-12-28T16:56:03","date_gmt":"2022-12-28T16:56:03","guid":{"rendered":"https:\/\/ssovladicinhan.rs\/?page_id=165"},"modified":"2022-12-28T18:28:07","modified_gmt":"2022-12-28T18:28:07","slug":"sportski-savez","status":"publish","type":"page","link":"https:\/\/ssovladicinhan.rs\/","title":{"rendered":"\u0421\u043f\u043e\u0440\u0442\u0441\u043a\u0438 \u0441\u0430\u0432\u0435\u0437 \u0432\u0435\u0441\u0442\u0438"},"content":{"rendered":"\n<div class=\"wp-block-nextend-smartslider3\"><\/div>\n\n\n\n<p><\/p>\n\n\n\n<div class=\"wp-block-query is-layout-flow wp-block-query-is-layout-flow\"><ul class=\"wp-block-post-template is-layout-flow wp-block-post-template-is-layout-flow\"><li class=\"wp-block-post post-195 post type-post status-publish format-standard hentry category-sportski-savez\">\n<h2 class=\"wp-block-post-title\"><a href=\"https:\/\/ssovladicinhan.rs\/index.php\/2023\/02\/23\/kik-boks-klub-morava\/\" target=\"_self\" >\u041a\u0411\u041a &#8222;\u041c\u043e\u0440\u0430\u0432\u0430&#8220; \u0448\u0430\u043c\u043f\u0438\u043e\u043d\u0441\u043a\u0438 \u0458\u0435 \u0437\u0430\u043f\u043e\u0447\u0435\u043e \u0441\u0435\u0437\u043e\u043d\u0443<\/a><\/h2>\n\n\n\n<div class=\"wp-block-post-excerpt\"><p class=\"wp-block-post-excerpt__excerpt\">Kik boks klub &#8222;Morava&#8220; iz Vladi\u010dinog Hana \u0161ampionski je zapo\u010deo takmi\u010darsku sezonu. Na prvenstvu centralne Srbije, odr\u017eanom u Kur\u0161umliji 19.02.2023. u konkurenciji od 25 klubova Vanja Cvetkovic takmi\u010dar Kik boks kluba &#8222;Morava&#8220; iz Vladi\u010dinog Hana osvojio je srebro, pobediv\u0161i u odli\u010dnom me\u010du u finalu dosta iskusnijeg takmi\u010dara iz Kraljeva, dok je Jovan Ili\u0107 slavio protiv&hellip; <\/p><\/div>\n\n\n<hr class=\"wp-block-separator has-css-opacity\"\/>\n\n\n<div class=\"wp-block-post-date\"><time datetime=\"2023-02-23T21:42:19+00:00\">\u0444\u0435\u0431\u0440\u0443\u0430\u0440 23, 2023<\/time><\/div>\n<\/li><li class=\"wp-block-post post-142 post type-post status-publish format-standard hentry category-sportski-savez\">\n<h2 class=\"wp-block-post-title\"><a href=\"https:\/\/ssovladicinhan.rs\/index.php\/2022\/12\/28\/odrzan-13-novogodisnji-festival-odbojke\/\" target=\"_self\" >\u041e\u0434\u0440\u0436\u0430\u043d 13. \u041d\u043e\u0432\u043e\u0433\u043e\u0434\u0438\u0448\u045a\u0438 \u0444\u0435\u0441\u0442\u0438\u0432\u0430\u043b \u043e\u0434\u0431\u043e\u0458\u043a\u0435<\/a><\/h2>\n\n\n\n<div class=\"wp-block-post-excerpt\"><p class=\"wp-block-post-excerpt__excerpt\">\u041f\u0440\u043e\u0442\u0435\u043a\u043b\u043e\u0433 \u0432\u0438\u043a\u0435\u043d\u0434\u0430 \u043e\u0440\u0433\u0430\u043d\u0438\u0437\u043e\u0432\u0430\u043d \u0458\u0435 13. \u0424\u0435\u0441\u0442\u0438\u0432\u0430\u043b \u043e\u0434\u0431\u043e\u0458\u043a\u0435 \u0443 \u043e\u0440\u0433\u0430\u043d\u0438\u0437\u0430\u0446\u0438\u0458\u0438 \u041e\u0434\u0431\u043e\u0458\u043a\u0430\u0448\u043a\u043e\u0433 \u0441\u0430\u0432\u0435\u0437\u0430 \u0412\u043e\u0458\u0432\u043e\u0434\u0438\u043d\u0435. \u041e\u0432\u0435 \u0433\u043e\u0434\u0438\u043d\u0435 \u0443\u0447\u0435\u0448\u045b\u0435 \u0458\u0435 \u0443\u0437\u0435\u043b\u043e 128 \u043a\u043b\u0443\u0431\u043e\u0432\u0430 \u0438\u0437 \u043d\u0430\u0448\u0435 \u0437\u0435\u043c\u0459\u0435 \u0438 \u0438\u043d\u043e\u0441\u0442\u0440\u0430\u043d\u0441\u0442\u0432\u0430 \u0438 \u0442\u043e \u0443 \u043a\u0430\u0442\u0435\u0433\u043e\u0440\u0438\u0458\u0430\u043c\u0430 \u043c\u043b\u0430\u0452\u0438\u0445 \u043f\u0438\u043e\u043d\u0438\u0440\u043a\u0438, \u043f\u0438\u043e\u043d\u0438\u0440\u043a\u0438, \u043c\u043b\u0430\u0452\u0438\u0445 \u043a\u0430\u0434\u0435\u0442\u043a\u0438\u045a\u0430, \u043a\u0430\u0434\u0435\u0442\u043a\u0438\u045a\u0430 \u0438 \u043f\u0438\u043e\u043d\u0438\u0440\u0430 \u0438 \u043a\u0430\u0434\u0435\u0442\u0430. \u0417\u0430 \u0442\u0440\u0438 \u0434\u0430\u043d\u0430 \u043e\u0434\u0438\u0433\u0440\u0430\u043d\u043e \u0458\u0435 343 \u0443\u0442\u0430\u043a\u043c\u0438\u0446\u0435 \u043d\u0430 12 \u043e\u0434\u0431\u043e\u0458\u043a\u0430\u0448\u043a\u0438\u0445 \u0442\u0435\u0440\u0435\u043d\u0430. \u0427\u043b\u0430\u043d \u0423\u043f\u0440\u0430\u0432\u043d\u043e\u0433 \u043e\u0434\u0431\u043e\u0440\u0430 \u0421\u043f\u043e\u0440\u0442\u0441\u043a\u043e\u0433 \u0441\u0430\u0432\u0435\u0437\u0430 \u0421\u0440\u0431\u0438\u0458\u0435&hellip; <\/p><\/div>\n\n\n<hr class=\"wp-block-separator has-css-opacity\"\/>\n\n\n<div class=\"wp-block-post-date\"><time datetime=\"2022-12-28T16:25:50+00:00\">\u0434\u0435\u0446\u0435\u043c\u0431\u0430\u0440 28, 2022<\/time><\/div>\n<\/li><li class=\"wp-block-post post-148 post type-post status-publish format-standard hentry category-sportski-savez\">\n<h2 class=\"wp-block-post-title\"><a href=\"https:\/\/ssovladicinhan.rs\/index.php\/2022\/12\/28\/dzudo-savez-srbije-proslavio-vrhunske-rezultate\/\" target=\"_self\" >\u040f\u0443\u0434\u043e \u0441\u0430\u0432\u0435\u0437 \u0421\u0440\u0431\u0438\u0458\u0435 \u043f\u0440\u043e\u0441\u043b\u0430\u0432\u0438\u043e \u0432\u0440\u0445\u0443\u043d\u0441\u043a\u0435 \u0440\u0435\u0437\u0443\u043b\u0442\u0430\u0442\u0435<\/a><\/h2>\n\n\n\n<div class=\"wp-block-post-excerpt\"><p class=\"wp-block-post-excerpt__excerpt\">\u040f\u0443\u0434\u043e \u0441\u0430\u0432\u0435\u0437 \u0421\u0440\u0431\u0438\u0458\u0435 \u0458\u0435 \u0443 \u043f\u0440\u0438\u0441\u0443\u0441\u0442\u0432\u0443 \u0432\u0435\u043b\u0438\u043a\u043e\u0433 \u0431\u0440\u043e\u0458\u0430 \u0443\u0432\u0430\u0436\u0435\u043d\u0438\u0445 \u0437\u0432\u0430\u043d\u0438\u0446\u0430, \u0433\u043e\u0441\u0442\u0438\u0458\u0443 \u0438\u0437 \u0441\u0432\u0438\u0445 \u0441\u0444\u0435\u0440\u0430 \u0434\u0440\u0443\u0448\u0432\u0435\u043d\u043e\u0433 \u0438 \u0441\u043f\u043e\u0440\u0442\u0441\u043a\u043e\u0433 \u0436\u0438\u0432\u043e\u0442\u0430, \u0430\u043b\u0438 \u0438 \u0432\u0435\u043b\u0438\u043a\u043e\u0433 \u0431\u0440\u043e\u0458\u0430 \u043a\u043b\u0443\u0431\u043e\u0432\u0430 \u0438 \u0440\u0435\u043f\u0440\u0435\u0437\u0435\u043d\u0442\u0430\u0442\u0438\u0432\u0430\u0446\u0430 \u0441\u0432\u0438\u0445 \u0443\u0437\u0440\u0430\u0441\u0442\u0430 \u043e\u0432\u0435 \u043d\u0430\u0446\u0438\u043e\u043d\u0430\u043b\u043d\u0435 \u0444\u0435\u0434\u0435\u0440\u0430\u0446\u0438\u0458\u0435, \u0443 \u0441\u0432\u0435\u0447\u0430\u043d\u043e\u0458 \u0441\u0430\u043b\u0438 \u0445\u043e\u0442\u0435\u043b\u0430 \u0425\u0430\u0458\u0430\u0442, \u043f\u0440\u043e\u0441\u043b\u0430\u0432\u0438\u043e \u0458\u0435 \u0432\u0440\u0445\u0443\u043d\u0441\u043a\u0435 \u0440\u0435\u0437\u0443\u043b\u0442\u0430\u0442\u0435 \u043a\u043e\u0458\u0435 \u0441\u0443 \u045f\u0443\u0434\u0438\u0441\u0442\u0438 \u0438 \u045f\u0443\u0434\u0438\u0441\u0442\u043a\u0438\u045a\u0435 \u043f\u043e\u0441\u0442\u0438\u0433\u043b\u0438 \u0443 \u043f\u0435\u0440\u0438\u043e\u0434\u0443 \u043e\u0434 2020 -2022. \u0433\u043e\u0434\u0438\u043d\u0435. \u041f\u043b\u0430\u043a\u0435\u0442\u0443 \u0437\u0430 \u0443\u0441\u043f\u0435\u0448\u043d\u0443 \u0441\u0430\u0440\u0430\u0434\u045a\u0443&hellip; <\/p><\/div>\n\n\n<hr class=\"wp-block-separator has-css-opacity\"\/>\n\n\n<div class=\"wp-block-post-date\"><time datetime=\"2022-12-28T16:22:46+00:00\">\u0434\u0435\u0446\u0435\u043c\u0431\u0430\u0440 28, 2022<\/time><\/div>\n<\/li><\/ul><\/div>\n","protected":false},"excerpt":{"rendered":"","protected":false},"author":1,"featured_media":0,"parent":0,"menu_order":0,"comment_status":"closed","ping_status":"closed","template":"","meta":{"site-sidebar-layout":"default","site-content-layout":"default","ast-global-header-display":"","ast-main-header-display":"","ast-hfb-above-header-display":"","ast-hfb-below-header-display":"","ast-hfb-mobile-header-display":"","site-post-title":"","ast-breadcrumbs-content":"","ast-featured-img":"","footer-sml-layout":"","theme-transparent-header-meta":"","adv-header-id-meta":"","stick-header-meta":"","header-above-stick-meta":"","header-main-stick-meta":"","header-below-stick-meta":"","footnotes":""},"class_list":["post-165","page","type-page","status-publish","hentry"],"_links":{"self":[{"href":"https:\/\/ssovladicinhan.rs\/index.php\/wp-json\/wp\/v2\/pages\/165","targetHints":{"allow":["GET"]}}],"collection":[{"href":"https:\/\/ssovladicinhan.rs\/index.php\/wp-json\/wp\/v2\/pages"}],"about":[{"href":"https:\/\/ssovladicinhan.rs\/index.php\/wp-json\/wp\/v2\/types\/page"}],"author":[{"embeddable":true,"href":"https:\/\/ssovladicinhan.rs\/index.php\/wp-json\/wp\/v2\/users\/1"}],"replies":[{"embeddable":true,"href":"https:\/\/ssovladicinhan.rs\/index.php\/wp-json\/wp\/v2\/comments?post=165"}],"version-history":[{"count":7,"href":"https:\/\/ssovladicinhan.rs\/index.php\/wp-json\/wp\/v2\/pages\/165\/revisions"}],"predecessor-version":[{"id":183,"href":"https:\/\/ssovladicinhan.rs\/index.php\/wp-json\/wp\/v2\/pages\/165\/revisions\/183"}],"wp:attachment":[{"href":"https:\/\/ssovladicinhan.rs\/index.php\/wp-json\/wp\/v2\/media?parent=165"}],"curies":[{"name":"wp","href":"https:\/\/api.w.org\/{rel}","templated":true}]}}